{"id":118,"date":"2023-12-03T18:41:03","date_gmt":"2023-12-03T17:41:03","guid":{"rendered":"https:\/\/oxygene-spicacien.ovh\/?page_id=118"},"modified":"2024-10-04T12:19:59","modified_gmt":"2024-10-04T10:19:59","slug":"organisation","status":"publish","type":"page","link":"https:\/\/oxygene-spicacien.ovh\/index.php\/organisation\/","title":{"rendered":"Le bureau"},"content":{"rendered":"\n<p class=\"has-text-align-center has-black-color has-text-color has-link-color wp-elements-051ad62d8cbe94571ade6af2427a9dbf\"><strong>Cr\u00e9ation du Club<\/strong><br><strong>affili\u00e9 UFOLEP<\/strong><br><strong>le 14\/12\/2001<\/strong><\/p>\n\n\n\n<p class=\"has-text-align-center\"><strong>&nbsp;Si\u00e8ge social<\/strong><br>MAIRIE<br>7 PLACE Saint PRIVAT<br>45130 EPIEDS EN BEAUCE<\/p>\n\n\n\n<p><\/p>\n\n\n\n<h2 class=\"wp-block-heading has-text-align-center has-primary-color has-text-color has-link-color wp-elements-d0c17fb339e32d7a5e8bfd6c13b8bf4e\"><strong><u>Les membres du bureau<\/u><\/strong><\/h2>\n\n\n\n<p class=\"has-text-align-center\">Stella MERLIN&nbsp; &nbsp; &nbsp; <strong>Pr\u00e9sidente<\/strong><\/p>\n\n\n\n<p class=\"has-text-align-center\">Adrien PALAIS\u00a0 \u00a0 \u00a0<strong>Vice-pr\u00e9sident<\/strong><\/p>\n\n\n\n<p class=\"has-text-align-center\">Mathias RAISON&nbsp; &nbsp; &nbsp; <strong>Secr\u00e9taire<\/strong><\/p>\n\n\n\n<p class=\"has-text-align-center\">Gilles ZUSSI&nbsp; &nbsp; &nbsp; <strong>Secr\u00e9taire adjoint<\/strong><\/p>\n\n\n\n<p class=\"has-text-align-center\">Laurence ABRAHAM&nbsp; &nbsp; &nbsp; <strong>Tr\u00e9sori\u00e8re&nbsp;<\/strong><\/p>\n\n\n\n<p class=\"has-text-align-center\">Magali WOLINSKI&nbsp; &nbsp; &nbsp; <strong>Tr\u00e9sori\u00e8re adjointe&nbsp;<\/strong><\/p>\n\n\n\n<p class=\"has-text-align-center\">Sylvie LORDET<br>Dominique NAVASSE<br>Anthony PICARD<br>Marek WOLINSKI<br><\/p>\n\n\n\n<h2 class=\"wp-block-heading has-text-align-center has-primary-color has-text-color has-link-color wp-elements-0bd6af8daf05efd53124c5121e3b39a3\"><\/h2>\n\n\n\n<p class=\"has-text-align-right\"><\/p>\n\n\n\n<figure class=\"wp-block-image aligncenter size-full is-resized\"><a href=\"https:\/\/oxygene-spicacien.ovh\/index.php\/organisation\/\"><img loading=\"lazy\" decoding=\"async\" width=\"425\" height=\"425\" src=\"https:\/\/oxygene-spicacien.ovh\/wp-content\/uploads\/2023\/09\/LOGO-OS-jaune-2.png\" alt=\"\" class=\"wp-image-26\" style=\"width:124px;height:auto\" srcset=\"https:\/\/oxygene-spicacien.ovh\/wp-content\/uploads\/2023\/09\/LOGO-OS-jaune-2.png 425w, https:\/\/oxygene-spicacien.ovh\/wp-content\/uploads\/2023\/09\/LOGO-OS-jaune-2-300x300.png 300w, https:\/\/oxygene-spicacien.ovh\/wp-content\/uploads\/2023\/09\/LOGO-OS-jaune-2-150x150.png 150w\" sizes=\"auto, (max-width: 425px) 100vw, 425px\" \/><\/a><figcaption class=\"wp-element-caption\">haut de page<\/figcaption><\/figure>\n\n\n\n<p><\/p>\n","protected":false},"excerpt":{"rendered":"<p>Cr\u00e9ation du Clubaffili\u00e9 UFOLEPle 14\/12\/2001 &nbsp;Si\u00e8ge socialMAIRIE7 PLACE Saint PRIVAT45130 EPIEDS EN BEAUCE Les membres du bureau Stella MERLIN&nbsp; &nbsp; &nbsp; Pr\u00e9sidente Adrien PALAIS\u00a0 \u00a0 \u00a0Vice-pr\u00e9sident Mathias RAISON&nbsp; &nbsp; &nbsp; Secr\u00e9taire Gilles ZUSSI&nbsp; &nbsp; &nbsp; Secr\u00e9taire adjoint Laurence ABRAHAM&nbsp; &nbsp; &nbsp; Tr\u00e9sori\u00e8re&nbsp; Magali WOLINSKI&nbsp; &nbsp; &nbsp; Tr\u00e9sori\u00e8re adjointe&nbsp; Sylvie LORDETDominique NAVASSEAnthony PICARDMarek WOLINSKI<\/p>\n","protected":false},"author":1,"featured_media":0,"parent":0,"menu_order":0,"comment_status":"closed","ping_status":"closed","template":"","meta":{"footnotes":""},"class_list":["post-118","page","type-page","status-publish","hentry"],"_links":{"self":[{"href":"https:\/\/oxygene-spicacien.ovh\/index.php\/wp-json\/wp\/v2\/pages\/118","targetHints":{"allow":["GET"]}}],"collection":[{"href":"https:\/\/oxygene-spicacien.ovh\/index.php\/wp-json\/wp\/v2\/pages"}],"about":[{"href":"https:\/\/oxygene-spicacien.ovh\/index.php\/wp-json\/wp\/v2\/types\/page"}],"author":[{"embeddable":true,"href":"https:\/\/oxygene-spicacien.ovh\/index.php\/wp-json\/wp\/v2\/users\/1"}],"replies":[{"embeddable":true,"href":"https:\/\/oxygene-spicacien.ovh\/index.php\/wp-json\/wp\/v2\/comments?post=118"}],"version-history":[{"count":13,"href":"https:\/\/oxygene-spicacien.ovh\/index.php\/wp-json\/wp\/v2\/pages\/118\/revisions"}],"predecessor-version":[{"id":458,"href":"https:\/\/oxygene-spicacien.ovh\/index.php\/wp-json\/wp\/v2\/pages\/118\/revisions\/458"}],"wp:attachment":[{"href":"https:\/\/oxygene-spicacien.ovh\/index.php\/wp-json\/wp\/v2\/media?parent=118"}],"curies":[{"name":"wp","href":"https:\/\/api.w.org\/{rel}","templated":true}]}}