{"id":127,"date":"2023-12-03T20:12:58","date_gmt":"2023-12-03T19:12:58","guid":{"rendered":"https:\/\/oxygene-spicacien.ovh\/?page_id=127"},"modified":"2024-10-04T14:02:24","modified_gmt":"2024-10-04T12:02:24","slug":"historique-du-club","status":"publish","type":"page","link":"https:\/\/oxygene-spicacien.ovh\/index.php\/historique-du-club\/","title":{"rendered":"Historique du Club"},"content":{"rendered":"\n<h2 class=\"wp-block-heading has-primary-color has-text-color has-link-color wp-elements-78ea623a10bfc8d2234aa42926d7bcbc\" style=\"text-transform:capitalize\"><strong>L&rsquo;\u00e9volution<\/strong><\/h2>\n\n\n\n<p>L\u2019id\u00e9e de cr\u00e9er un club de course \u00e0 pieds dans notre village d\u2019Epieds en Beauce germait depuis quelque temps dans les t\u00eates d\u2019un petit groupe qui courait d\u00e9j\u00e0 ensemble sur les routes des environs.<br><br>Lors du forum des associations de septembre 2001, un stand a donc \u00e9t\u00e9 install\u00e9 pour pr\u00e9senter le projet et recenser les personnes potentiellement int\u00e9ress\u00e9es par cette id\u00e9e d\u2019un club de course \u00e0 pied.<\/p>\n\n\n\n<p>C\u2019est ainsi que furent d\u00e9pos\u00e9s le 14 d\u00e9cembre 2001 les statuts du club \u00ab Oxyg\u00e8ne Spicacien \u00bb affili\u00e9 \u00e0 l\u2019UFOLEP et sous la pr\u00e9sidence de Mr Dominique LORDET.<\/p>\n\n\n\n<p>Le club regroupait au d\u00e9part 12 adh\u00e9rents adultes auxquels se joignirent en cours de saison 6 jeunes. Parmi ces pionniers, 5 adultes sont toujours membres actifs et assidus du club.<\/p>\n\n\n\n<p>Depuis lors, la composition du groupe a connu des hausses et des baisses d\u2019effectifs pour atteindre lors de la saison 2023-2024 le nombre de 47 adh\u00e9rents, dont 19 jeunes de moins de 16 ans et 17 f\u00e9minines.<\/p>\n\n\n\n<figure class=\"wp-block-image size-large\"><img loading=\"lazy\" decoding=\"async\" width=\"1024\" height=\"297\" src=\"https:\/\/oxygene-spicacien.ovh\/wp-content\/uploads\/2024\/09\/image-1024x297.png\" alt=\"\" class=\"wp-image-429\" srcset=\"https:\/\/oxygene-spicacien.ovh\/wp-content\/uploads\/2024\/09\/image-1024x297.png 1024w, https:\/\/oxygene-spicacien.ovh\/wp-content\/uploads\/2024\/09\/image-300x87.png 300w, https:\/\/oxygene-spicacien.ovh\/wp-content\/uploads\/2024\/09\/image-768x223.png 768w, https:\/\/oxygene-spicacien.ovh\/wp-content\/uploads\/2024\/09\/image.png 1285w\" sizes=\"auto, (max-width: 1024px) 100vw, 1024px\" \/><\/figure>\n\n\n\n<p>Depuis sa cr\u00e9ation, le club s\u2019est essentiellement appuy\u00e9 sur un groupe d\u2019entrainement pour les jeunes et un autre groupe pour les adultes, permettant de pr\u00e9parer les comp\u00e9titions choisies et financ\u00e9es par le club d\u2019une part, ou celles choisies individuellement d\u2019autre part.<\/p>\n\n\n\n<p>A partir de la saison 2016-2017, un nouveau groupe a \u00e9t\u00e9 mis en place pour accueillir des personnes souhaitant d\u00e9couvrir les bienfaits de la course \u00e0 pied, pour le plaisir et sans obligation de participer aux comp\u00e9titions. Ce groupe ouvert \u00e0 tous est actuellement \u00e0 majorit\u00e9 f\u00e9minin et il a vu son effectif progresser de deux en 2016 \u00e0 une dizaine depuis 2019.<\/p>\n\n\n\n<h2 class=\"wp-block-heading has-primary-color has-text-color has-link-color wp-elements-c761e9a3d8bf7de4193ae888dbe2134e\"><strong><u><\/u>Les Pr\u00e9sidents successifs&nbsp;<\/strong><\/h2>\n\n\n\n<p>Mr Dominique LORDET &nbsp; &nbsp; &nbsp; &nbsp;de 2001 \u00e0 2013<\/p>\n\n\n\n<p>Mr Philippe NAVASSE&nbsp; &nbsp; &nbsp; &nbsp; &nbsp; de 2013 \u00e0 2016<\/p>\n\n\n\n<p>Mme Sylvie LORDET&nbsp; &nbsp; &nbsp; &nbsp; &nbsp; &nbsp; de 2016 \u00e0 2024<\/p>\n\n\n\n<p>Mme Stella MERLIN&nbsp; &nbsp; &nbsp; &nbsp; &nbsp; &nbsp;  depuis 2024<\/p>\n\n\n\n<p><\/p>\n\n\n\n<h2 class=\"wp-block-heading has-primary-color has-text-color has-link-color wp-elements-eaeb5ad472aad48ddffb06e643fc425b\"><strong>Les foul\u00e9es spicaciennes&nbsp;<\/strong><\/h2>\n\n\n\n<p>De 2003 \u00e0 2012, le club a organis\u00e9 sur la commune \u00ab\u00a0les Foul\u00e9es Spicaciennes\u00a0\u00bb qui comportaient une course pour enfants et 2 courses pour adultes, 5km et 10km.<\/p>\n\n\n\n<div data-wp-interactive=\"core\/file\" class=\"wp-block-file\"><object data-wp-bind--hidden=\"!state.hasPdfPreview\" hidden class=\"wp-block-file__embed\" data=\"https:\/\/oxygene-spicacien.ovh\/wp-content\/uploads\/2024\/10\/Foulees-2012.pdf\" type=\"application\/pdf\" style=\"width:100%;height:600px\" aria-label=\"Contenu embarqu\u00e9 Foul\u00e9es 2012.\"><\/object><a id=\"wp-block-file--media-9c737927-726c-4ae6-892f-19d39c74283b\" href=\"https:\/\/oxygene-spicacien.ovh\/wp-content\/uploads\/2024\/10\/Foulees-2012.pdf\">Foul\u00e9es 2012<\/a><a href=\"https:\/\/oxygene-spicacien.ovh\/wp-content\/uploads\/2024\/10\/Foulees-2012.pdf\" class=\"wp-block-file__button wp-element-button\" download aria-describedby=\"wp-block-file--media-9c737927-726c-4ae6-892f-19d39c74283b\">T\u00e9l\u00e9charger<\/a><\/div>\n\n\n\n<div data-wp-interactive=\"core\/file\" class=\"wp-block-file\"><object data-wp-bind--hidden=\"!state.hasPdfPreview\" hidden class=\"wp-block-file__embed\" data=\"https:\/\/oxygene-spicacien.ovh\/wp-content\/uploads\/2024\/10\/Foulees-2011.pdf\" type=\"application\/pdf\" style=\"width:100%;height:600px\" aria-label=\"Contenu embarqu\u00e9 Foul\u00e9es 2011.\"><\/object><a id=\"wp-block-file--media-db7d7d35-e95f-4628-a1aa-40ef5022e6cd\" href=\"https:\/\/oxygene-spicacien.ovh\/wp-content\/uploads\/2024\/10\/Foulees-2011.pdf\">Foul\u00e9es 2011<\/a><a href=\"https:\/\/oxygene-spicacien.ovh\/wp-content\/uploads\/2024\/10\/Foulees-2011.pdf\" class=\"wp-block-file__button wp-element-button\" download aria-describedby=\"wp-block-file--media-db7d7d35-e95f-4628-a1aa-40ef5022e6cd\">T\u00e9l\u00e9charger<\/a><\/div>\n\n\n\n<div data-wp-interactive=\"core\/file\" class=\"wp-block-file\"><object data-wp-bind--hidden=\"!state.hasPdfPreview\" hidden class=\"wp-block-file__embed\" data=\"https:\/\/oxygene-spicacien.ovh\/wp-content\/uploads\/2024\/10\/Foulees-2010-1.pdf\" type=\"application\/pdf\" style=\"width:100%;height:600px\" aria-label=\"Contenu embarqu\u00e9 Foul\u00e9es 2010.\"><\/object><a id=\"wp-block-file--media-1d91bcf7-089d-4001-8b4a-cf767f57dae3\" href=\"https:\/\/oxygene-spicacien.ovh\/wp-content\/uploads\/2024\/10\/Foulees-2010-1.pdf\">Foul\u00e9es 2010<\/a><a href=\"https:\/\/oxygene-spicacien.ovh\/wp-content\/uploads\/2024\/10\/Foulees-2010-1.pdf\" class=\"wp-block-file__button wp-element-button\" download aria-describedby=\"wp-block-file--media-1d91bcf7-089d-4001-8b4a-cf767f57dae3\">T\u00e9l\u00e9charger<\/a><\/div>\n\n\n\n<div data-wp-interactive=\"core\/file\" class=\"wp-block-file\"><object data-wp-bind--hidden=\"!state.hasPdfPreview\" hidden class=\"wp-block-file__embed\" data=\"https:\/\/oxygene-spicacien.ovh\/wp-content\/uploads\/2024\/10\/Foulees-2006-1.pdf\" type=\"application\/pdf\" style=\"width:100%;height:600px\" aria-label=\"Contenu embarqu\u00e9 Foul\u00e9es 2006.\"><\/object><a id=\"wp-block-file--media-f86171b7-4e54-4153-b9dd-76c272e1f79a\" href=\"https:\/\/oxygene-spicacien.ovh\/wp-content\/uploads\/2024\/10\/Foulees-2006-1.pdf\">Foul\u00e9es 2006<\/a><a href=\"https:\/\/oxygene-spicacien.ovh\/wp-content\/uploads\/2024\/10\/Foulees-2006-1.pdf\" class=\"wp-block-file__button wp-element-button\" download aria-describedby=\"wp-block-file--media-f86171b7-4e54-4153-b9dd-76c272e1f79a\">T\u00e9l\u00e9charger<\/a><\/div>\n\n\n\n<figure class=\"wp-block-image aligncenter size-full is-resized\"><a href=\"https:\/\/oxygene-spicacien.ovh\/index.php\/historique-du-club\/\"><img loading=\"lazy\" decoding=\"async\" width=\"425\" height=\"425\" src=\"https:\/\/oxygene-spicacien.ovh\/wp-content\/uploads\/2023\/09\/LOGO-OS-jaune-2.png\" alt=\"\" class=\"wp-image-26\" style=\"width:120px;height:auto\" srcset=\"https:\/\/oxygene-spicacien.ovh\/wp-content\/uploads\/2023\/09\/LOGO-OS-jaune-2.png 425w, https:\/\/oxygene-spicacien.ovh\/wp-content\/uploads\/2023\/09\/LOGO-OS-jaune-2-300x300.png 300w, https:\/\/oxygene-spicacien.ovh\/wp-content\/uploads\/2023\/09\/LOGO-OS-jaune-2-150x150.png 150w\" sizes=\"auto, (max-width: 425px) 100vw, 425px\" \/><\/a><figcaption class=\"wp-element-caption\">haut de page<\/figcaption><\/figure>\n","protected":false},"excerpt":{"rendered":"<p>L&rsquo;\u00e9volution L\u2019id\u00e9e de cr\u00e9er un club de course \u00e0 pieds dans notre village d\u2019Epieds en Beauce germait depuis quelque temps dans les t\u00eates d\u2019un petit groupe qui courait d\u00e9j\u00e0 ensemble sur les routes des environs. Lors du forum des associations de septembre 2001, un stand a donc \u00e9t\u00e9 install\u00e9 pour pr\u00e9senter le projet et recenser [&hellip;]<\/p>\n","protected":false},"author":1,"featured_media":0,"parent":0,"menu_order":0,"comment_status":"closed","ping_status":"closed","template":"","meta":{"footnotes":""},"class_list":["post-127","page","type-page","status-publish","hentry"],"_links":{"self":[{"href":"https:\/\/oxygene-spicacien.ovh\/index.php\/wp-json\/wp\/v2\/pages\/127","targetHints":{"allow":["GET"]}}],"collection":[{"href":"https:\/\/oxygene-spicacien.ovh\/index.php\/wp-json\/wp\/v2\/pages"}],"about":[{"href":"https:\/\/oxygene-spicacien.ovh\/index.php\/wp-json\/wp\/v2\/types\/page"}],"author":[{"embeddable":true,"href":"https:\/\/oxygene-spicacien.ovh\/index.php\/wp-json\/wp\/v2\/users\/1"}],"replies":[{"embeddable":true,"href":"https:\/\/oxygene-spicacien.ovh\/index.php\/wp-json\/wp\/v2\/comments?post=127"}],"version-history":[{"count":13,"href":"https:\/\/oxygene-spicacien.ovh\/index.php\/wp-json\/wp\/v2\/pages\/127\/revisions"}],"predecessor-version":[{"id":475,"href":"https:\/\/oxygene-spicacien.ovh\/index.php\/wp-json\/wp\/v2\/pages\/127\/revisions\/475"}],"wp:attachment":[{"href":"https:\/\/oxygene-spicacien.ovh\/index.php\/wp-json\/wp\/v2\/media?parent=127"}],"curies":[{"name":"wp","href":"https:\/\/api.w.org\/{rel}","templated":true}]}}