{"id":171,"date":"2023-12-04T22:34:17","date_gmt":"2023-12-04T21:34:17","guid":{"rendered":"https:\/\/oxygene-spicacien.ovh\/?page_id=171"},"modified":"2026-03-13T17:34:42","modified_gmt":"2026-03-13T16:34:42","slug":"les-resultats","status":"publish","type":"page","link":"https:\/\/oxygene-spicacien.ovh\/index.php\/les-resultats\/","title":{"rendered":"Les derniers r\u00e9sultats"},"content":{"rendered":"\n<h3 class=\"wp-block-heading has-primary-color has-text-color has-link-color wp-elements-974fc40a668ae808104839b5543829ed\"><strong>Trail Cloysien des 3 Rivi\u00e8res 2026 \u2013 Montigny-le-Gannelon<\/strong> (28)<\/h3>\n\n\n\n<figure class=\"wp-block-image size-large\"><img loading=\"lazy\" decoding=\"async\" width=\"1024\" height=\"601\" src=\"https:\/\/oxygene-spicacien.ovh\/wp-content\/uploads\/2026\/03\/result-cloyes-adultes-1024x601.jpg\" alt=\"\" class=\"wp-image-610\" srcset=\"https:\/\/oxygene-spicacien.ovh\/wp-content\/uploads\/2026\/03\/result-cloyes-adultes-1024x601.jpg 1024w, https:\/\/oxygene-spicacien.ovh\/wp-content\/uploads\/2026\/03\/result-cloyes-adultes-300x176.jpg 300w, https:\/\/oxygene-spicacien.ovh\/wp-content\/uploads\/2026\/03\/result-cloyes-adultes-768x451.jpg 768w, https:\/\/oxygene-spicacien.ovh\/wp-content\/uploads\/2026\/03\/result-cloyes-adultes.jpg 1180w\" sizes=\"auto, (max-width: 1024px) 100vw, 1024px\" \/><\/figure>\n\n\n\n<figure class=\"wp-block-image size-large\"><img loading=\"lazy\" decoding=\"async\" width=\"1024\" height=\"447\" src=\"https:\/\/oxygene-spicacien.ovh\/wp-content\/uploads\/2026\/03\/result-cloyes-2-1024x447.jpg\" alt=\"\" class=\"wp-image-611\" srcset=\"https:\/\/oxygene-spicacien.ovh\/wp-content\/uploads\/2026\/03\/result-cloyes-2-1024x447.jpg 1024w, https:\/\/oxygene-spicacien.ovh\/wp-content\/uploads\/2026\/03\/result-cloyes-2-300x131.jpg 300w, https:\/\/oxygene-spicacien.ovh\/wp-content\/uploads\/2026\/03\/result-cloyes-2-768x335.jpg 768w, https:\/\/oxygene-spicacien.ovh\/wp-content\/uploads\/2026\/03\/result-cloyes-2.jpg 1163w\" sizes=\"auto, (max-width: 1024px) 100vw, 1024px\" \/><\/figure>\n\n\n\n<figure class=\"wp-block-image size-large\"><img loading=\"lazy\" decoding=\"async\" width=\"1024\" height=\"408\" src=\"https:\/\/oxygene-spicacien.ovh\/wp-content\/uploads\/2026\/03\/result-cloyes-3-1024x408.jpg\" alt=\"\" class=\"wp-image-612\" srcset=\"https:\/\/oxygene-spicacien.ovh\/wp-content\/uploads\/2026\/03\/result-cloyes-3-1024x408.jpg 1024w, https:\/\/oxygene-spicacien.ovh\/wp-content\/uploads\/2026\/03\/result-cloyes-3-300x120.jpg 300w, https:\/\/oxygene-spicacien.ovh\/wp-content\/uploads\/2026\/03\/result-cloyes-3-768x306.jpg 768w, https:\/\/oxygene-spicacien.ovh\/wp-content\/uploads\/2026\/03\/result-cloyes-3.jpg 1171w\" sizes=\"auto, (max-width: 1024px) 100vw, 1024px\" \/><\/figure>\n\n\n\n<h3 class=\"wp-block-heading has-primary-color has-text-color has-link-color wp-elements-da53c82e8e9729a4675a08c883159c07\"><strong>La Course des 3 ponts 2025<\/strong> (45) Orl\u00e9ans <\/h3>\n\n\n\n<figure class=\"wp-block-image size-large\"><img loading=\"lazy\" decoding=\"async\" width=\"1024\" height=\"604\" src=\"https:\/\/oxygene-spicacien.ovh\/wp-content\/uploads\/2025\/12\/image-1024x604.png\" alt=\"\" class=\"wp-image-590\" srcset=\"https:\/\/oxygene-spicacien.ovh\/wp-content\/uploads\/2025\/12\/image-1024x604.png 1024w, https:\/\/oxygene-spicacien.ovh\/wp-content\/uploads\/2025\/12\/image-300x177.png 300w, https:\/\/oxygene-spicacien.ovh\/wp-content\/uploads\/2025\/12\/image-768x453.png 768w, https:\/\/oxygene-spicacien.ovh\/wp-content\/uploads\/2025\/12\/image.png 1155w\" sizes=\"auto, (max-width: 1024px) 100vw, 1024px\" \/><\/figure>\n\n\n\n<p class=\"has-primary-color has-text-color has-link-color has-large-font-size wp-elements-a9be886c7e43c69845427556fa53668f\"><strong>Les Foul\u00e9es du Dragon 2025<\/strong> (45) La Chapelle St Mesmin<\/p>\n\n\n\n<figure class=\"wp-block-image size-large\"><img loading=\"lazy\" decoding=\"async\" width=\"1024\" height=\"460\" src=\"https:\/\/oxygene-spicacien.ovh\/wp-content\/uploads\/2025\/11\/resultats-8km-foulees--1024x460.jpg\" alt=\"\" class=\"wp-image-572\" srcset=\"https:\/\/oxygene-spicacien.ovh\/wp-content\/uploads\/2025\/11\/resultats-8km-foulees--1024x460.jpg 1024w, https:\/\/oxygene-spicacien.ovh\/wp-content\/uploads\/2025\/11\/resultats-8km-foulees--300x135.jpg 300w, https:\/\/oxygene-spicacien.ovh\/wp-content\/uploads\/2025\/11\/resultats-8km-foulees--768x345.jpg 768w, https:\/\/oxygene-spicacien.ovh\/wp-content\/uploads\/2025\/11\/resultats-8km-foulees-.jpg 1170w\" sizes=\"auto, (max-width: 1024px) 100vw, 1024px\" \/><\/figure>\n\n\n\n<figure class=\"wp-block-image size-large\"><img loading=\"lazy\" decoding=\"async\" width=\"1024\" height=\"467\" src=\"https:\/\/oxygene-spicacien.ovh\/wp-content\/uploads\/2025\/11\/result-16KM-dragon-1024x467.jpg\" alt=\"\" class=\"wp-image-573\" srcset=\"https:\/\/oxygene-spicacien.ovh\/wp-content\/uploads\/2025\/11\/result-16KM-dragon-1024x467.jpg 1024w, https:\/\/oxygene-spicacien.ovh\/wp-content\/uploads\/2025\/11\/result-16KM-dragon-300x137.jpg 300w, https:\/\/oxygene-spicacien.ovh\/wp-content\/uploads\/2025\/11\/result-16KM-dragon-768x350.jpg 768w, https:\/\/oxygene-spicacien.ovh\/wp-content\/uploads\/2025\/11\/result-16KM-dragon.jpg 1171w\" sizes=\"auto, (max-width: 1024px) 100vw, 1024px\" \/><\/figure>\n\n\n\n<p class=\"has-primary-color has-text-color has-link-color has-large-font-size wp-elements-22f9a1c98a43a5b18b16c5a7ea42dce8\"><strong>Les D\u00e9cal\u00e9s de la Citrouille<\/strong> (45) Sennely<\/p>\n\n\n\n<figure class=\"wp-block-image size-large\"><img loading=\"lazy\" decoding=\"async\" width=\"1024\" height=\"548\" src=\"https:\/\/oxygene-spicacien.ovh\/wp-content\/uploads\/2025\/10\/CITROUILLE-9KM-1024x548.jpg\" alt=\"\" class=\"wp-image-556\" srcset=\"https:\/\/oxygene-spicacien.ovh\/wp-content\/uploads\/2025\/10\/CITROUILLE-9KM-1024x548.jpg 1024w, https:\/\/oxygene-spicacien.ovh\/wp-content\/uploads\/2025\/10\/CITROUILLE-9KM-300x161.jpg 300w, https:\/\/oxygene-spicacien.ovh\/wp-content\/uploads\/2025\/10\/CITROUILLE-9KM-768x411.jpg 768w, https:\/\/oxygene-spicacien.ovh\/wp-content\/uploads\/2025\/10\/CITROUILLE-9KM.jpg 1152w\" sizes=\"auto, (max-width: 1024px) 100vw, 1024px\" \/><\/figure>\n\n\n\n<figure class=\"wp-block-image size-large\"><img loading=\"lazy\" decoding=\"async\" width=\"1024\" height=\"438\" src=\"https:\/\/oxygene-spicacien.ovh\/wp-content\/uploads\/2025\/10\/CITROUILLE-18-1024x438.jpg\" alt=\"\" class=\"wp-image-557\" srcset=\"https:\/\/oxygene-spicacien.ovh\/wp-content\/uploads\/2025\/10\/CITROUILLE-18-1024x438.jpg 1024w, https:\/\/oxygene-spicacien.ovh\/wp-content\/uploads\/2025\/10\/CITROUILLE-18-300x128.jpg 300w, https:\/\/oxygene-spicacien.ovh\/wp-content\/uploads\/2025\/10\/CITROUILLE-18-768x329.jpg 768w, https:\/\/oxygene-spicacien.ovh\/wp-content\/uploads\/2025\/10\/CITROUILLE-18.jpg 1163w\" sizes=\"auto, (max-width: 1024px) 100vw, 1024px\" \/><\/figure>\n\n\n\n<p class=\"has-primary-color has-text-color has-link-color has-large-font-size wp-elements-ad26cc6c91ecaea1768ba7d6885528cf\"><strong>Les foul\u00e9es du bord de Loire<\/strong> (45) Jargeau<\/p>\n\n\n\n<figure class=\"wp-block-image size-large\"><img loading=\"lazy\" decoding=\"async\" width=\"1024\" height=\"395\" src=\"https:\/\/oxygene-spicacien.ovh\/wp-content\/uploads\/2025\/10\/Capture-decran-2025-10-16-134921-1024x395.jpg\" alt=\"\" class=\"wp-image-547\" srcset=\"https:\/\/oxygene-spicacien.ovh\/wp-content\/uploads\/2025\/10\/Capture-decran-2025-10-16-134921-1024x395.jpg 1024w, https:\/\/oxygene-spicacien.ovh\/wp-content\/uploads\/2025\/10\/Capture-decran-2025-10-16-134921-300x116.jpg 300w, https:\/\/oxygene-spicacien.ovh\/wp-content\/uploads\/2025\/10\/Capture-decran-2025-10-16-134921-768x296.jpg 768w, https:\/\/oxygene-spicacien.ovh\/wp-content\/uploads\/2025\/10\/Capture-decran-2025-10-16-134921.jpg 1180w\" sizes=\"auto, (max-width: 1024px) 100vw, 1024px\" \/><\/figure>\n\n\n\n<figure class=\"wp-block-image size-large\"><img loading=\"lazy\" decoding=\"async\" width=\"1024\" height=\"331\" src=\"https:\/\/oxygene-spicacien.ovh\/wp-content\/uploads\/2025\/10\/Capture-decran-2025-10-16-134849-1024x331.jpg\" alt=\"\" class=\"wp-image-548\" srcset=\"https:\/\/oxygene-spicacien.ovh\/wp-content\/uploads\/2025\/10\/Capture-decran-2025-10-16-134849-1024x331.jpg 1024w, https:\/\/oxygene-spicacien.ovh\/wp-content\/uploads\/2025\/10\/Capture-decran-2025-10-16-134849-300x97.jpg 300w, https:\/\/oxygene-spicacien.ovh\/wp-content\/uploads\/2025\/10\/Capture-decran-2025-10-16-134849-768x248.jpg 768w, https:\/\/oxygene-spicacien.ovh\/wp-content\/uploads\/2025\/10\/Capture-decran-2025-10-16-134849.jpg 1160w\" sizes=\"auto, (max-width: 1024px) 100vw, 1024px\" \/><\/figure>\n\n\n\n<p class=\"has-primary-color has-text-color has-link-color has-large-font-size wp-elements-b9680d82be319041e63c1785d2f59bdd\"><strong>La sarabande<\/strong> (45) Beaugency<\/p>\n\n\n\n<figure class=\"wp-block-image size-large\"><img loading=\"lazy\" decoding=\"async\" width=\"1024\" height=\"483\" src=\"https:\/\/oxygene-spicacien.ovh\/wp-content\/uploads\/2025\/10\/Capture-decran-2025-10-16-135501-1024x483.jpg\" alt=\"\" class=\"wp-image-551\" srcset=\"https:\/\/oxygene-spicacien.ovh\/wp-content\/uploads\/2025\/10\/Capture-decran-2025-10-16-135501-1024x483.jpg 1024w, https:\/\/oxygene-spicacien.ovh\/wp-content\/uploads\/2025\/10\/Capture-decran-2025-10-16-135501-300x141.jpg 300w, https:\/\/oxygene-spicacien.ovh\/wp-content\/uploads\/2025\/10\/Capture-decran-2025-10-16-135501-768x362.jpg 768w, https:\/\/oxygene-spicacien.ovh\/wp-content\/uploads\/2025\/10\/Capture-decran-2025-10-16-135501.jpg 1163w\" sizes=\"auto, (max-width: 1024px) 100vw, 1024px\" \/><\/figure>\n\n\n\n<figure class=\"wp-block-image size-large\"><img loading=\"lazy\" decoding=\"async\" width=\"1024\" height=\"642\" src=\"https:\/\/oxygene-spicacien.ovh\/wp-content\/uploads\/2025\/10\/Capture-decran-2025-10-16-135528-1024x642.jpg\" alt=\"\" class=\"wp-image-552\" srcset=\"https:\/\/oxygene-spicacien.ovh\/wp-content\/uploads\/2025\/10\/Capture-decran-2025-10-16-135528-1024x642.jpg 1024w, https:\/\/oxygene-spicacien.ovh\/wp-content\/uploads\/2025\/10\/Capture-decran-2025-10-16-135528-300x188.jpg 300w, https:\/\/oxygene-spicacien.ovh\/wp-content\/uploads\/2025\/10\/Capture-decran-2025-10-16-135528-768x481.jpg 768w, https:\/\/oxygene-spicacien.ovh\/wp-content\/uploads\/2025\/10\/Capture-decran-2025-10-16-135528.jpg 1171w\" sizes=\"auto, (max-width: 1024px) 100vw, 1024px\" \/><\/figure>\n\n\n\n<p class=\"has-primary-color has-text-color has-link-color has-large-font-size wp-elements-71ee8e66dbd943260c7da3f3ef040a69\"><strong>La Cacienne<\/strong> (45) Checy<\/p>\n\n\n\n<figure class=\"wp-block-image size-large\"><img loading=\"lazy\" decoding=\"async\" width=\"1024\" height=\"410\" src=\"https:\/\/oxygene-spicacien.ovh\/wp-content\/uploads\/2025\/10\/Capture-decran-2025-10-16-135250-1024x410.jpg\" alt=\"\" class=\"wp-image-550\" srcset=\"https:\/\/oxygene-spicacien.ovh\/wp-content\/uploads\/2025\/10\/Capture-decran-2025-10-16-135250-1024x410.jpg 1024w, https:\/\/oxygene-spicacien.ovh\/wp-content\/uploads\/2025\/10\/Capture-decran-2025-10-16-135250-300x120.jpg 300w, https:\/\/oxygene-spicacien.ovh\/wp-content\/uploads\/2025\/10\/Capture-decran-2025-10-16-135250-768x307.jpg 768w, https:\/\/oxygene-spicacien.ovh\/wp-content\/uploads\/2025\/10\/Capture-decran-2025-10-16-135250.jpg 1172w\" sizes=\"auto, (max-width: 1024px) 100vw, 1024px\" \/><\/figure>\n\n\n\n<figure class=\"wp-block-image size-large\"><img loading=\"lazy\" decoding=\"async\" width=\"1024\" height=\"316\" src=\"https:\/\/oxygene-spicacien.ovh\/wp-content\/uploads\/2025\/10\/Capture-decran-2025-10-16-135336-1024x316.jpg\" alt=\"\" class=\"wp-image-549\" srcset=\"https:\/\/oxygene-spicacien.ovh\/wp-content\/uploads\/2025\/10\/Capture-decran-2025-10-16-135336-1024x316.jpg 1024w, https:\/\/oxygene-spicacien.ovh\/wp-content\/uploads\/2025\/10\/Capture-decran-2025-10-16-135336-300x93.jpg 300w, https:\/\/oxygene-spicacien.ovh\/wp-content\/uploads\/2025\/10\/Capture-decran-2025-10-16-135336-768x237.jpg 768w, https:\/\/oxygene-spicacien.ovh\/wp-content\/uploads\/2025\/10\/Capture-decran-2025-10-16-135336.jpg 1172w\" sizes=\"auto, (max-width: 1024px) 100vw, 1024px\" \/><\/figure>\n\n\n\n<p class=\"has-primary-color has-text-color has-link-color has-large-font-size wp-elements-b1c940720bdcd7018715f0794ae2e828\"><strong>A Bou(t) de souffle pour Tiziana (45)<\/strong><\/p>\n\n\n\n<figure class=\"wp-block-image size-large\"><img loading=\"lazy\" decoding=\"async\" width=\"1024\" height=\"370\" src=\"https:\/\/oxygene-spicacien.ovh\/wp-content\/uploads\/2025\/03\/Bou-16km-1024x370.jpg\" alt=\"\" class=\"wp-image-490\" srcset=\"https:\/\/oxygene-spicacien.ovh\/wp-content\/uploads\/2025\/03\/Bou-16km-1024x370.jpg 1024w, https:\/\/oxygene-spicacien.ovh\/wp-content\/uploads\/2025\/03\/Bou-16km-300x108.jpg 300w, https:\/\/oxygene-spicacien.ovh\/wp-content\/uploads\/2025\/03\/Bou-16km-768x278.jpg 768w, https:\/\/oxygene-spicacien.ovh\/wp-content\/uploads\/2025\/03\/Bou-16km.jpg 1278w\" sizes=\"auto, (max-width: 1024px) 100vw, 1024px\" \/><\/figure>\n\n\n\n<figure class=\"wp-block-image size-large\"><img loading=\"lazy\" decoding=\"async\" width=\"1024\" height=\"569\" src=\"https:\/\/oxygene-spicacien.ovh\/wp-content\/uploads\/2025\/03\/Bou-9km-1024x569.jpg\" alt=\"\" class=\"wp-image-491\" srcset=\"https:\/\/oxygene-spicacien.ovh\/wp-content\/uploads\/2025\/03\/Bou-9km-1024x569.jpg 1024w, https:\/\/oxygene-spicacien.ovh\/wp-content\/uploads\/2025\/03\/Bou-9km-300x167.jpg 300w, https:\/\/oxygene-spicacien.ovh\/wp-content\/uploads\/2025\/03\/Bou-9km-768x427.jpg 768w, https:\/\/oxygene-spicacien.ovh\/wp-content\/uploads\/2025\/03\/Bou-9km.jpg 1281w\" sizes=\"auto, (max-width: 1024px) 100vw, 1024px\" \/><\/figure>\n\n\n\n<figure class=\"wp-block-image size-large\"><img loading=\"lazy\" decoding=\"async\" width=\"1024\" height=\"649\" src=\"https:\/\/oxygene-spicacien.ovh\/wp-content\/uploads\/2025\/03\/Bou-15km-1-1024x649.jpg\" alt=\"\" class=\"wp-image-493\" srcset=\"https:\/\/oxygene-spicacien.ovh\/wp-content\/uploads\/2025\/03\/Bou-15km-1-1024x649.jpg 1024w, https:\/\/oxygene-spicacien.ovh\/wp-content\/uploads\/2025\/03\/Bou-15km-1-300x190.jpg 300w, https:\/\/oxygene-spicacien.ovh\/wp-content\/uploads\/2025\/03\/Bou-15km-1-768x487.jpg 768w, https:\/\/oxygene-spicacien.ovh\/wp-content\/uploads\/2025\/03\/Bou-15km-1.jpg 1281w\" sizes=\"auto, (max-width: 1024px) 100vw, 1024px\" \/><\/figure>\n\n\n\n<figure class=\"wp-block-image aligncenter size-full is-resized\"><a href=\"https:\/\/oxygene-spicacien.ovh\/index.php\/les-resultats\/\"><img loading=\"lazy\" decoding=\"async\" width=\"425\" height=\"425\" src=\"https:\/\/oxygene-spicacien.ovh\/wp-content\/uploads\/2023\/09\/LOGO-OS-jaune-2.png\" alt=\"\" class=\"wp-image-26\" style=\"width:119px;height:auto\" srcset=\"https:\/\/oxygene-spicacien.ovh\/wp-content\/uploads\/2023\/09\/LOGO-OS-jaune-2.png 425w, https:\/\/oxygene-spicacien.ovh\/wp-content\/uploads\/2023\/09\/LOGO-OS-jaune-2-300x300.png 300w, https:\/\/oxygene-spicacien.ovh\/wp-content\/uploads\/2023\/09\/LOGO-OS-jaune-2-150x150.png 150w\" sizes=\"auto, (max-width: 425px) 100vw, 425px\" \/><\/a><figcaption class=\"wp-element-caption\">haut de page<\/figcaption><\/figure>\n\n\n\n<p><\/p>\n","protected":false},"excerpt":{"rendered":"<p>Trail Cloysien des 3 Rivi\u00e8res 2026 \u2013 Montigny-le-Gannelon (28) La Course des 3 ponts 2025 (45) Orl\u00e9ans Les Foul\u00e9es du Dragon 2025 (45) La Chapelle St Mesmin Les D\u00e9cal\u00e9s de la Citrouille (45) Sennely Les foul\u00e9es du bord de Loire (45) Jargeau La sarabande (45) Beaugency La Cacienne (45) Checy A Bou(t) de souffle pour [&hellip;]<\/p>\n","protected":false},"author":1,"featured_media":0,"parent":0,"menu_order":0,"comment_status":"closed","ping_status":"closed","template":"","meta":{"footnotes":""},"class_list":["post-171","page","type-page","status-publish","hentry"],"_links":{"self":[{"href":"https:\/\/oxygene-spicacien.ovh\/index.php\/wp-json\/wp\/v2\/pages\/171","targetHints":{"allow":["GET"]}}],"collection":[{"href":"https:\/\/oxygene-spicacien.ovh\/index.php\/wp-json\/wp\/v2\/pages"}],"about":[{"href":"https:\/\/oxygene-spicacien.ovh\/index.php\/wp-json\/wp\/v2\/types\/page"}],"author":[{"embeddable":true,"href":"https:\/\/oxygene-spicacien.ovh\/index.php\/wp-json\/wp\/v2\/users\/1"}],"replies":[{"embeddable":true,"href":"https:\/\/oxygene-spicacien.ovh\/index.php\/wp-json\/wp\/v2\/comments?post=171"}],"version-history":[{"count":16,"href":"https:\/\/oxygene-spicacien.ovh\/index.php\/wp-json\/wp\/v2\/pages\/171\/revisions"}],"predecessor-version":[{"id":613,"href":"https:\/\/oxygene-spicacien.ovh\/index.php\/wp-json\/wp\/v2\/pages\/171\/revisions\/613"}],"wp:attachment":[{"href":"https:\/\/oxygene-spicacien.ovh\/index.php\/wp-json\/wp\/v2\/media?parent=171"}],"curies":[{"name":"wp","href":"https:\/\/api.w.org\/{rel}","templated":true}]}}