{"id":225,"date":"2023-12-05T01:19:31","date_gmt":"2023-12-05T00:19:31","guid":{"rendered":"https:\/\/oxygene-spicacien.ovh\/?page_id=225"},"modified":"2024-09-27T21:25:58","modified_gmt":"2024-09-27T19:25:58","slug":"les-entrainements","status":"publish","type":"page","link":"https:\/\/oxygene-spicacien.ovh\/index.php\/les-entrainements\/","title":{"rendered":"Les entra\u00eenements"},"content":{"rendered":"\n<p class=\"has-primary-color has-text-color has-link-color has-medium-font-size wp-elements-b9e94ce5c45da915c2dd81f17cd6827b\"><strong>Adultes \u00ab Comp\u00e9tition \u00bb<\/strong><\/p>\n\n\n\n<p>&#8211; Mardi et jeudi \u00e0 18h30 : RDV parking du gymnase<\/p>\n\n\n\n<p>&#8211; Dimanche \u00e0 9h30 : RDV parking du gymnase<\/p>\n\n\n\n<p>Utilisation de la piste \u00e9clair\u00e9e en fonction des besoins, des plans d\u2019entra\u00eenements ou des envies de chacun.&nbsp;<\/p>\n\n\n\n<p>&nbsp;Le dimanche est plut\u00f4t r\u00e9serv\u00e9 \u00e0 l\u2019endurance. Les parcours d\u2019entra\u00eenements sont effectu\u00e9s en fonction de souhaits de chacun ou des besoins selon les objectifs. Des groupes sont naturellement constitu\u00e9s en fonction des capacit\u00e9s de chacun.&nbsp;<\/p>\n\n\n\n<p>Echanges mutuels de conseils et d\u2019id\u00e9es mais il n\u2019y a pas de plans d\u2019entra\u00eenement propos\u00e9s.<\/p>\n\n\n\n<p class=\"has-primary-color has-text-color has-link-color has-medium-font-size wp-elements-c122ed68731286aa75e2118632a5b38d\"><strong>Adultes \u00ab D\u00e9couverte \u00bb<\/strong><\/p>\n\n\n\n<p>&#8211; Samedi de 9h \u00e0 10h30 : RDV parking du gymnase<\/p>\n\n\n\n<p>En d\u00e9but de saison cet entra\u00eenement a plut\u00f4t lieu sur la piste o\u00f9 chacun peut \u00e9voluer \u00e0 son rythme sur les exercices propos\u00e9s, et vers la fin de saison les distances s&rsquo;allongent pour parcourir les routes et chemins autour du village .<\/p>\n\n\n\n<p>&nbsp;Le gymnase qui est \u00e0 disposition de 9h \u00e0 10h30 permet de r\u00e9aliser les \u00e9chauffements et les \u00e9tirements et les s\u00e9ances de PPG (pr\u00e9paration physique g\u00e9n\u00e9rale), ainsi que des entra\u00eenements adapt\u00e9s en cas de tr\u00e8s mauvais temps .<\/p>\n\n\n\n<p class=\"has-primary-color has-text-color has-link-color has-medium-font-size wp-elements-7da042ba0b33330775b537562b432662\"><strong>Jeunes de 7 ans \u00e0 13 ans<\/strong><\/p>\n\n\n\n<p>&#8211; Mercredi apr\u00e8s-midi de 17h45 \u00e0 19h00 sur la piste.<\/p>\n\n\n\n<p>Ces entra\u00eenements sont encadr\u00e9s par Stella, Sylvie et Dominique N.<\/p>\n\n\n\n<p>Disposition du b\u00e2timent modulaire pour les jours de mauvais temps et les s\u00e9ances de PPG<\/p>\n\n\n\n<p class=\"has-primary-color has-text-color has-link-color has-medium-font-size wp-elements-305f3461f62cf61592358c3813a4b5dd\"><strong>Jeunes de 12 ans et plus <\/strong><\/p>\n\n\n\n<p>&#8211; un samedi matin sur deux de 11h \u00e0 12h sur la piste.<\/p>\n\n\n\n<p>Ces entra\u00eenements sont encadr\u00e9s par Anthony.<\/p>\n\n\n\n<p><\/p>\n\n\n\n<p><strong><em>Il n\u2019y a pas d\u2019entra\u00eenement pendant les vacances scolaires<\/em><\/strong><em>.<\/em><\/p>\n\n\n\n<h4 class=\"wp-block-heading\"><em>En cas d\u2019absence, il y a lieu de pr\u00e9venir les encadrants si possible la veille au soir par SMS ou mail.<\/em><\/h4>\n\n\n\n<h3 class=\"wp-block-heading\"><strong>Tous les encadrements&nbsp;d&rsquo;entra\u00eenement sont assur\u00e9s b\u00e9n\u00e9volement<\/strong><\/h3>\n\n\n\n<figure class=\"wp-block-image aligncenter size-full is-resized\"><a href=\"https:\/\/oxygene-spicacien.ovh\/index.php\/actualites\/les-entrainements\"><img loading=\"lazy\" decoding=\"async\" width=\"425\" height=\"425\" src=\"https:\/\/oxygene-spicacien.ovh\/wp-content\/uploads\/2023\/09\/LOGO-OS-jaune-2.png\" alt=\"\" class=\"wp-image-26\" style=\"width:134px;height:auto\" srcset=\"https:\/\/oxygene-spicacien.ovh\/wp-content\/uploads\/2023\/09\/LOGO-OS-jaune-2.png 425w, https:\/\/oxygene-spicacien.ovh\/wp-content\/uploads\/2023\/09\/LOGO-OS-jaune-2-300x300.png 300w, https:\/\/oxygene-spicacien.ovh\/wp-content\/uploads\/2023\/09\/LOGO-OS-jaune-2-150x150.png 150w\" sizes=\"auto, (max-width: 425px) 100vw, 425px\" \/><\/a><\/figure>\n","protected":false},"excerpt":{"rendered":"<p>Adultes \u00ab Comp\u00e9tition \u00bb &#8211; Mardi et jeudi \u00e0 18h30 : RDV parking du gymnase &#8211; Dimanche \u00e0 9h30 : RDV parking du gymnase Utilisation de la piste \u00e9clair\u00e9e en fonction des besoins, des plans d\u2019entra\u00eenements ou des envies de chacun.&nbsp; &nbsp;Le dimanche est plut\u00f4t r\u00e9serv\u00e9 \u00e0 l\u2019endurance. Les parcours d\u2019entra\u00eenements sont effectu\u00e9s en fonction [&hellip;]<\/p>\n","protected":false},"author":1,"featured_media":0,"parent":0,"menu_order":0,"comment_status":"closed","ping_status":"closed","template":"","meta":{"footnotes":""},"class_list":["post-225","page","type-page","status-publish","hentry"],"_links":{"self":[{"href":"https:\/\/oxygene-spicacien.ovh\/index.php\/wp-json\/wp\/v2\/pages\/225","targetHints":{"allow":["GET"]}}],"collection":[{"href":"https:\/\/oxygene-spicacien.ovh\/index.php\/wp-json\/wp\/v2\/pages"}],"about":[{"href":"https:\/\/oxygene-spicacien.ovh\/index.php\/wp-json\/wp\/v2\/types\/page"}],"author":[{"embeddable":true,"href":"https:\/\/oxygene-spicacien.ovh\/index.php\/wp-json\/wp\/v2\/users\/1"}],"replies":[{"embeddable":true,"href":"https:\/\/oxygene-spicacien.ovh\/index.php\/wp-json\/wp\/v2\/comments?post=225"}],"version-history":[{"count":6,"href":"https:\/\/oxygene-spicacien.ovh\/index.php\/wp-json\/wp\/v2\/pages\/225\/revisions"}],"predecessor-version":[{"id":441,"href":"https:\/\/oxygene-spicacien.ovh\/index.php\/wp-json\/wp\/v2\/pages\/225\/revisions\/441"}],"wp:attachment":[{"href":"https:\/\/oxygene-spicacien.ovh\/index.php\/wp-json\/wp\/v2\/media?parent=225"}],"curies":[{"name":"wp","href":"https:\/\/api.w.org\/{rel}","templated":true}]}}