{"id":268,"date":"2023-12-11T22:30:00","date_gmt":"2023-12-11T21:30:00","guid":{"rendered":"https:\/\/oxygene-spicacien.ovh\/?page_id=268"},"modified":"2025-12-06T11:56:42","modified_gmt":"2025-12-06T10:56:42","slug":"actualites","status":"publish","type":"page","link":"https:\/\/oxygene-spicacien.ovh\/index.php\/actualites\/","title":{"rendered":"Actualit\u00e9s"},"content":{"rendered":"\n<p class=\"has-text-align-center has-primary-color has-text-color has-link-color has-large-font-size wp-elements-0c41b694813ffc4a9eab05fbb38a4099\"><strong>Les Entra\u00eenements en semaine <\/strong><\/p>\n\n\n\n<p>L&rsquo;\u00e9quipe est plus motiv\u00e9e que jamais et vous invite \u00e0 nous retrouver les mardi et jeudi \u00e0 18h30 pour des activit\u00e9s toujours vari\u00e9es  : Echauffement avec un tour du village, suivi d&rsquo;une s\u00e9rie de 200m sur la piste et pour finir une session de gainage. <\/p>\n\n\n\n<p>Notre piste dispose d&rsquo;un \u00e9clairage LED permettant des entra\u00eenements \u00ab\u00a0comme en plein jour\u00a0\u00bb. <\/p>\n\n\n\n<figure class=\"wp-block-image size-large\"><img loading=\"lazy\" decoding=\"async\" width=\"1024\" height=\"576\" src=\"https:\/\/oxygene-spicacien.ovh\/wp-content\/uploads\/2025\/12\/Entrainement-Jeudi-soir-1024x576.jpeg\" alt=\"\" class=\"wp-image-598\" srcset=\"https:\/\/oxygene-spicacien.ovh\/wp-content\/uploads\/2025\/12\/Entrainement-Jeudi-soir-1024x576.jpeg 1024w, https:\/\/oxygene-spicacien.ovh\/wp-content\/uploads\/2025\/12\/Entrainement-Jeudi-soir-300x169.jpeg 300w, https:\/\/oxygene-spicacien.ovh\/wp-content\/uploads\/2025\/12\/Entrainement-Jeudi-soir-768x432.jpeg 768w, https:\/\/oxygene-spicacien.ovh\/wp-content\/uploads\/2025\/12\/Entrainement-Jeudi-soir-1536x864.jpeg 1536w, https:\/\/oxygene-spicacien.ovh\/wp-content\/uploads\/2025\/12\/Entrainement-Jeudi-soir.jpeg 2048w\" sizes=\"auto, (max-width: 1024px) 100vw, 1024px\" \/><\/figure>\n\n\n\n<p class=\"has-text-align-center has-primary-color has-text-color has-link-color has-large-font-size wp-elements-aa4258a7220200f6368ad22205d38957\"><strong>Une nouvelle saison 2025-2026 pour Oxyg\u00e8ne<\/strong><\/p>\n\n\n\n<figure class=\"wp-block-image\"><img loading=\"lazy\" decoding=\"async\" width=\"1600\" height=\"900\" src=\"https:\/\/oxygene-spicacien.ovh\/wp-content\/uploads\/2025\/10\/d1a2c3fa-f660-4299-bea4-3a87f009e476.jpeg\" alt=\"\" class=\"wp-image-519\" srcset=\"https:\/\/oxygene-spicacien.ovh\/wp-content\/uploads\/2025\/10\/d1a2c3fa-f660-4299-bea4-3a87f009e476.jpeg 1600w, https:\/\/oxygene-spicacien.ovh\/wp-content\/uploads\/2025\/10\/d1a2c3fa-f660-4299-bea4-3a87f009e476-300x169.jpeg 300w, https:\/\/oxygene-spicacien.ovh\/wp-content\/uploads\/2025\/10\/d1a2c3fa-f660-4299-bea4-3a87f009e476-1024x576.jpeg 1024w, https:\/\/oxygene-spicacien.ovh\/wp-content\/uploads\/2025\/10\/d1a2c3fa-f660-4299-bea4-3a87f009e476-768x432.jpeg 768w, https:\/\/oxygene-spicacien.ovh\/wp-content\/uploads\/2025\/10\/d1a2c3fa-f660-4299-bea4-3a87f009e476-1536x864.jpeg 1536w\" sizes=\"auto, (max-width: 1600px) 100vw, 1600px\" \/><\/figure>\n\n\n\n<p class=\"has-text-align-center\"><strong>Run &amp; Bike<\/strong><\/p>\n\n\n\n<p>Cette nouvelle saison a d\u00e9marr\u00e9e en ce mois de septembre avec une activit\u00e9 Run &amp; Bike ouverte aux adh\u00e9rents et leur famille. Objectif : s&rsquo;amuser en famille et profiter tous ensemble d&rsquo;un moment convivial. <\/p>\n\n\n\n<div class=\"wp-block-group is-nowrap is-layout-flex wp-container-core-group-is-layout-6c531013 wp-block-group-is-layout-flex\">\n<figure class=\"wp-block-image size-large\"><img loading=\"lazy\" decoding=\"async\" width=\"577\" height=\"1024\" src=\"https:\/\/oxygene-spicacien.ovh\/wp-content\/uploads\/2025\/10\/c40ac511-e3be-404e-8ffa-35980ce8656a-577x1024.jpeg\" alt=\"\" class=\"wp-image-518\" srcset=\"https:\/\/oxygene-spicacien.ovh\/wp-content\/uploads\/2025\/10\/c40ac511-e3be-404e-8ffa-35980ce8656a-577x1024.jpeg 577w, https:\/\/oxygene-spicacien.ovh\/wp-content\/uploads\/2025\/10\/c40ac511-e3be-404e-8ffa-35980ce8656a-169x300.jpeg 169w, https:\/\/oxygene-spicacien.ovh\/wp-content\/uploads\/2025\/10\/c40ac511-e3be-404e-8ffa-35980ce8656a-768x1364.jpeg 768w, https:\/\/oxygene-spicacien.ovh\/wp-content\/uploads\/2025\/10\/c40ac511-e3be-404e-8ffa-35980ce8656a-865x1536.jpeg 865w, https:\/\/oxygene-spicacien.ovh\/wp-content\/uploads\/2025\/10\/c40ac511-e3be-404e-8ffa-35980ce8656a.jpeg 901w\" sizes=\"auto, (max-width: 577px) 100vw, 577px\" \/><\/figure>\n\n\n\n<figure class=\"wp-block-image size-large\"><img loading=\"lazy\" decoding=\"async\" width=\"975\" height=\"1024\" src=\"https:\/\/oxygene-spicacien.ovh\/wp-content\/uploads\/2025\/10\/59450ab7-d953-42bb-b172-3d475d988b11-975x1024.jpeg\" alt=\"\" class=\"wp-image-516\" srcset=\"https:\/\/oxygene-spicacien.ovh\/wp-content\/uploads\/2025\/10\/59450ab7-d953-42bb-b172-3d475d988b11-975x1024.jpeg 975w, https:\/\/oxygene-spicacien.ovh\/wp-content\/uploads\/2025\/10\/59450ab7-d953-42bb-b172-3d475d988b11-286x300.jpeg 286w, https:\/\/oxygene-spicacien.ovh\/wp-content\/uploads\/2025\/10\/59450ab7-d953-42bb-b172-3d475d988b11-768x806.jpeg 768w, https:\/\/oxygene-spicacien.ovh\/wp-content\/uploads\/2025\/10\/59450ab7-d953-42bb-b172-3d475d988b11.jpeg 1302w\" sizes=\"auto, (max-width: 975px) 100vw, 975px\" \/><\/figure>\n<\/div>\n\n\n\n<div class=\"wp-block-group is-nowrap is-layout-flex wp-container-core-group-is-layout-6c531013 wp-block-group-is-layout-flex\">\n<figure class=\"wp-block-image size-large\"><img loading=\"lazy\" decoding=\"async\" width=\"927\" height=\"1024\" src=\"https:\/\/oxygene-spicacien.ovh\/wp-content\/uploads\/2025\/10\/25e87ef8-e08f-4f25-aaa0-86fe81358fd4-927x1024.jpeg\" alt=\"\" class=\"wp-image-514\" srcset=\"https:\/\/oxygene-spicacien.ovh\/wp-content\/uploads\/2025\/10\/25e87ef8-e08f-4f25-aaa0-86fe81358fd4-927x1024.jpeg 927w, https:\/\/oxygene-spicacien.ovh\/wp-content\/uploads\/2025\/10\/25e87ef8-e08f-4f25-aaa0-86fe81358fd4-271x300.jpeg 271w, https:\/\/oxygene-spicacien.ovh\/wp-content\/uploads\/2025\/10\/25e87ef8-e08f-4f25-aaa0-86fe81358fd4-768x849.jpeg 768w, https:\/\/oxygene-spicacien.ovh\/wp-content\/uploads\/2025\/10\/25e87ef8-e08f-4f25-aaa0-86fe81358fd4.jpeg 1302w\" sizes=\"auto, (max-width: 927px) 100vw, 927px\" \/><\/figure>\n<\/div>\n\n\n\n<p><a href=\"https:\/\/www.facebook.com\/p\/Oxyg%C3%A8ne-Spicacien-61565547436612\" target=\"_blank\" rel=\"noreferrer noopener\">Lien vers notre page Facebook <\/a><\/p>\n\n\n\n<p><a href=\"https:\/\/epiedsenbeauce.fr\/wp-content\/uploads\/2025\/09\/Gazette-Septembre-2025-vdef.pdf\" data-type=\"link\" data-id=\"https:\/\/epiedsenbeauce.fr\/wp-content\/uploads\/2025\/09\/Gazette-Septembre-2025-vdef.pdf\">Lien vers la derni\u00e8re gazette d&rsquo;Epieds En Beauce <\/a><\/p>\n\n\n\n<figure class=\"wp-block-image aligncenter size-full is-resized\"><a href=\"https:\/\/oxygene-spicacien.ovh\/index.php\/actualites\/\"><img loading=\"lazy\" decoding=\"async\" width=\"425\" height=\"425\" src=\"https:\/\/oxygene-spicacien.ovh\/wp-content\/uploads\/2023\/09\/LOGO-OS-jaune-2.png\" alt=\"\" class=\"wp-image-26\" style=\"width:137px;height:auto\" srcset=\"https:\/\/oxygene-spicacien.ovh\/wp-content\/uploads\/2023\/09\/LOGO-OS-jaune-2.png 425w, https:\/\/oxygene-spicacien.ovh\/wp-content\/uploads\/2023\/09\/LOGO-OS-jaune-2-300x300.png 300w, https:\/\/oxygene-spicacien.ovh\/wp-content\/uploads\/2023\/09\/LOGO-OS-jaune-2-150x150.png 150w\" sizes=\"auto, (max-width: 425px) 100vw, 425px\" \/><\/a><figcaption class=\"wp-element-caption\">haut de page<\/figcaption><\/figure>\n","protected":false},"excerpt":{"rendered":"<p>Les Entra\u00eenements en semaine L&rsquo;\u00e9quipe est plus motiv\u00e9e que jamais et vous invite \u00e0 nous retrouver les mardi et jeudi \u00e0 18h30 pour des activit\u00e9s toujours vari\u00e9es : Echauffement avec un tour du village, suivi d&rsquo;une s\u00e9rie de 200m sur la piste et pour finir une session de gainage. Notre piste dispose d&rsquo;un \u00e9clairage LED [&hellip;]<\/p>\n","protected":false},"author":1,"featured_media":0,"parent":0,"menu_order":0,"comment_status":"closed","ping_status":"closed","template":"","meta":{"footnotes":""},"class_list":["post-268","page","type-page","status-publish","hentry"],"_links":{"self":[{"href":"https:\/\/oxygene-spicacien.ovh\/index.php\/wp-json\/wp\/v2\/pages\/268","targetHints":{"allow":["GET"]}}],"collection":[{"href":"https:\/\/oxygene-spicacien.ovh\/index.php\/wp-json\/wp\/v2\/pages"}],"about":[{"href":"https:\/\/oxygene-spicacien.ovh\/index.php\/wp-json\/wp\/v2\/types\/page"}],"author":[{"embeddable":true,"href":"https:\/\/oxygene-spicacien.ovh\/index.php\/wp-json\/wp\/v2\/users\/1"}],"replies":[{"embeddable":true,"href":"https:\/\/oxygene-spicacien.ovh\/index.php\/wp-json\/wp\/v2\/comments?post=268"}],"version-history":[{"count":9,"href":"https:\/\/oxygene-spicacien.ovh\/index.php\/wp-json\/wp\/v2\/pages\/268\/revisions"}],"predecessor-version":[{"id":599,"href":"https:\/\/oxygene-spicacien.ovh\/index.php\/wp-json\/wp\/v2\/pages\/268\/revisions\/599"}],"wp:attachment":[{"href":"https:\/\/oxygene-spicacien.ovh\/index.php\/wp-json\/wp\/v2\/media?parent=268"}],"curies":[{"name":"wp","href":"https:\/\/api.w.org\/{rel}","templated":true}]}}