{"id":73,"date":"2023-12-03T18:13:09","date_gmt":"2023-12-03T17:13:09","guid":{"rendered":"https:\/\/oxygene-spicacien.ovh\/?page_id=73"},"modified":"2025-02-25T12:03:21","modified_gmt":"2025-02-25T11:03:21","slug":"contact","status":"publish","type":"page","link":"https:\/\/oxygene-spicacien.ovh\/index.php\/contact\/","title":{"rendered":"Bonjour !"},"content":{"rendered":"\n<p class=\"has-text-align-center has-luminous-vivid-amber-color has-text-color has-link-color wp-elements-0e966dc21f5dc27991be3de6c7778453\"><strong>N\u2019H\u00c9SITEZ PAS \u00c0 NOUS CONTACTER, <br>NOUS VOUS R\u00c9PONDRONS DANS LES PLUS BREFS D\u00c9LAIS<\/strong><\/p>\n\n\n\n<p class=\"has-text-align-center\"><strong>Adresse e-mail&nbsp;<\/strong>&nbsp;<\/p>\n\n\n\n<p class=\"has-text-align-center\"><a href=\"mailto:oxygene.spicacien@gmail.com\">oxygene.spicacien@gmail.com<\/a><\/p>\n\n\n\n<p class=\"has-text-align-center\"><strong>Contacts t\u00e9l\u00e9phoniques<\/strong><\/p>\n\n\n\n<p class=\"has-text-align-center\">06 84 61 87 29<br><\/p>\n\n\n\n<p class=\"has-text-align-center\"><strong>Adresse de correspondance<\/strong><\/p>\n\n\n\n<p class=\"has-text-align-center\">8, Cerqueux<br>45130 Epieds en Beauce<\/p>\n\n\n\n<figure class=\"wp-block-image aligncenter is-resized\"><a href=\"https:\/\/oxygene-spicacien.ovh\/index.php\/contact\/\"><img loading=\"lazy\" decoding=\"async\" width=\"425\" height=\"425\" src=\"https:\/\/oxygene-spicacien.ovh\/wp-content\/uploads\/2023\/09\/LOGO-OS-jaune-2.png\" alt=\"\" class=\"wp-image-26\" style=\"width:168px;height:auto\" srcset=\"https:\/\/oxygene-spicacien.ovh\/wp-content\/uploads\/2023\/09\/LOGO-OS-jaune-2.png 425w, https:\/\/oxygene-spicacien.ovh\/wp-content\/uploads\/2023\/09\/LOGO-OS-jaune-2-300x300.png 300w, https:\/\/oxygene-spicacien.ovh\/wp-content\/uploads\/2023\/09\/LOGO-OS-jaune-2-150x150.png 150w\" sizes=\"auto, (max-width: 425px) 100vw, 425px\" \/><\/a><figcaption class=\"wp-element-caption\">haut de page<\/figcaption><\/figure>\n","protected":false},"excerpt":{"rendered":"<p>N\u2019H\u00c9SITEZ PAS \u00c0 NOUS CONTACTER, NOUS VOUS R\u00c9PONDRONS DANS LES PLUS BREFS D\u00c9LAIS Adresse e-mail&nbsp;&nbsp; oxygene.spicacien@gmail.com Contacts t\u00e9l\u00e9phoniques 06 84 61 87 29 Adresse de correspondance 8, Cerqueux45130 Epieds en Beauce<\/p>\n","protected":false},"author":1,"featured_media":0,"parent":0,"menu_order":0,"comment_status":"closed","ping_status":"closed","template":"","meta":{"footnotes":""},"class_list":["post-73","page","type-page","status-publish","hentry"],"_links":{"self":[{"href":"https:\/\/oxygene-spicacien.ovh\/index.php\/wp-json\/wp\/v2\/pages\/73","targetHints":{"allow":["GET"]}}],"collection":[{"href":"https:\/\/oxygene-spicacien.ovh\/index.php\/wp-json\/wp\/v2\/pages"}],"about":[{"href":"https:\/\/oxygene-spicacien.ovh\/index.php\/wp-json\/wp\/v2\/types\/page"}],"author":[{"embeddable":true,"href":"https:\/\/oxygene-spicacien.ovh\/index.php\/wp-json\/wp\/v2\/users\/1"}],"replies":[{"embeddable":true,"href":"https:\/\/oxygene-spicacien.ovh\/index.php\/wp-json\/wp\/v2\/comments?post=73"}],"version-history":[{"count":12,"href":"https:\/\/oxygene-spicacien.ovh\/index.php\/wp-json\/wp\/v2\/pages\/73\/revisions"}],"predecessor-version":[{"id":478,"href":"https:\/\/oxygene-spicacien.ovh\/index.php\/wp-json\/wp\/v2\/pages\/73\/revisions\/478"}],"wp:attachment":[{"href":"https:\/\/oxygene-spicacien.ovh\/index.php\/wp-json\/wp\/v2\/media?parent=73"}],"curies":[{"name":"wp","href":"https:\/\/api.w.org\/{rel}","templated":true}]}}